{"id":471,"date":"2021-11-13T16:28:37","date_gmt":"2021-11-13T15:28:37","guid":{"rendered":"https:\/\/localhost\/CHATEAU\/the-lodging\/"},"modified":"2022-11-12T13:14:16","modified_gmt":"2022-11-12T12:14:16","slug":"the-lodging","status":"publish","type":"page","link":"https:\/\/www.chateau-de-croute.fr\/en\/the-lodging\/","title":{"rendered":"The lodging"},"content":{"rendered":"[vc_row thb_full_width=&#8221;true&#8221; thb_row_padding=&#8221;true&#8221; content_placement=&#8221;top&#8221; css=&#8221;.vc_custom_1636795303822{padding-top: 10vh !important;padding-bottom: 10vh !important;background-image: url(https:\/\/www.chateau-de-croute.fr\/wp-content\/uploads\/2021\/11\/IMG_3795-scaled.jpg?id=414) !important;background-position: center !important;background-repeat: no-repeat !important;background-size: cover !important;}&#8221;][vc_column][vc_row_inner thb_max_width=&#8221;max_width&#8221;][vc_column_inner thb_color=&#8221;thb-light-column&#8221; el_class=&#8221;text-center&#8221; offset=&#8221;vc_col-lg-12 vc_col-md-4&#8243;][vc_column_text animation=&#8221;animation fade-in&#8221;]\n<h1><strong>THE LODGING<br \/>\n<\/strong><\/h1>\n[\/vc_column_text][\/vc_column_inner][\/vc_row_inner][\/vc_column][\/vc_row][vc_row el_class=&#8221;align-center&#8221; css=&#8221;.vc_custom_1627140113805{padding-top: 3vh !important;}&#8221;][vc_column offset=&#8221;vc_col-lg-7 vc_col-md-10&#8243;][vc_column_text]\n<h1 style=\"text-align: center;\"><span style=\"color: #fc7f6a;\">WELCOME !<br \/>\n<\/span><\/h1>\n<p>Attentive as we are to our vines and aware of the beauty of the village and the farmers of C\u00f4tes-de-Bourg; In 2007, it was only natural that we decided to fit out a large, fully equipped 165 m2 gite within the Ch\u00e2teau de Cro\u00fbte, which can accommodate up to 8 people.<\/p>\n<p>It is open all year round and can be rented for the weekend or by the week.<\/p>\n<p><button><a href=\"https:\/\/www.airbnb.fr\/rooms\/17511929\" target=\"_blank\" rel=\"noopener\"><b>AIRBNB<\/b><\/a><\/button>[\/vc_column_text][vc_empty_space height=&#8221;20&#8243;][vc_tta_tabs][vc_tta_section title=&#8221;DETAILS OF THE COTTAGE&#8221; tab_id=&#8221;1630762253409-eae35d3d-e40a&#8221;][vc_column_text]\n<ul>\n<li>Private and enclosed parking for 3 cars<\/li>\n<li>Private shaded gardens at the foot of the cliff with barbecue<\/li>\n<li>Kitchen with dining room, 3 bedrooms, living room with pool table, two bathrooms, two toilets<\/li>\n<li>6\/8 people<\/li>\n<\/ul>\n[\/vc_column_text][\/vc_tta_section][vc_tta_section title=&#8221;GROUND FLOOR&#8221; tab_id=&#8221;1630762253419-02aa4767-6d07&#8243;][vc_column_text]\n<ul class=\"mybullet\">\n<li>Large entrance with bay window<\/li>\n<li>Open-plan kitchen fully equipped with: traditional electric oven, 4 gas burners, microwave oven, dishwasher, washing machine, filter coffee maker and kettle, toaster, iron and ironing board<\/li>\n<li>Large dining room with traditional fireplace<\/li>\n<li>Pets accepted under conditions<\/li>\n<\/ul>\n[\/vc_column_text][\/vc_tta_section][vc_tta_section title=&#8221;ETAGE&#8221; tab_id=&#8221;1630762417856-a748248d-299e&#8221;][vc_column_text]\n<ul class=\"mybullet\">\n<li>Large living room under exposed framework with billiard table<\/li>\n<li>Bathroom (Shower, washbasin, bathtub)<\/li>\n<li>Toilet<\/li>\n<li>3 bedrooms from 12 to 17 m2<\/li>\n<li>Crib, changing table, free-standing bath, high chair (on request at no extra charge).<\/li>\n<\/ul>\n[\/vc_column_text][\/vc_tta_section][\/vc_tta_tabs][vc_empty_space height=&#8221;50&#8243;][vc_column_text]<div class=\"pgc-sgb-cb wp-block-pgcsimplygalleryblock-masonry \" data-gallery-id=\"6f710380\"><div class=\"sgb-preloader\" id=\"pr_6f710380\">\n\t<div class=\"sgb-square\" style=\"background:#d4d4d4\"><\/div>\n\t<div class=\"sgb-square\" style=\"background:#d4d4d4\"><\/div>\n\t<div class=\"sgb-square\" style=\"background:#d4d4d4\"><\/div>\n\t<div class=\"sgb-square\" style=\"background:#d4d4d4\"><\/div><\/div><div class=\"simply-gallery-amp pgc_sgb_slider \" style=\"display: none;\"><div class=\"sgb-gallery\"><div class=\"sgb-item\"><a href=\"https:\/\/www.chateau-de-croute.fr\/?attachment_id=846\"><img decoding=\"async\" alt=\"\" width=\"225\" height=\"300\" loading=\"lazy\" src=\"https:\/\/www.chateau-de-croute.fr\/wp-content\/uploads\/2022\/11\/IMG-20220220-WA0000-225x300.jpg\"\/><\/a><\/div><div class=\"sgb-item\"><a href=\"https:\/\/www.chateau-de-croute.fr\/?attachment_id=849\"><img decoding=\"async\" alt=\"\" width=\"225\" height=\"300\" loading=\"lazy\" src=\"https:\/\/www.chateau-de-croute.fr\/wp-content\/uploads\/2022\/11\/IMG-20220220-WA0001-225x300.jpg\"\/><\/a><\/div><div class=\"sgb-item\"><a href=\"https:\/\/www.chateau-de-croute.fr\/?attachment_id=852\"><img decoding=\"async\" alt=\"\" width=\"300\" height=\"225\" loading=\"lazy\" src=\"https:\/\/www.chateau-de-croute.fr\/wp-content\/uploads\/2022\/11\/IMG-20220220-WA0006-300x225.jpg\"\/><\/a><\/div><div class=\"sgb-item\"><a href=\"https:\/\/www.chateau-de-croute.fr\/?attachment_id=855\"><img decoding=\"async\" alt=\"\" width=\"300\" height=\"225\" loading=\"lazy\" src=\"https:\/\/www.chateau-de-croute.fr\/wp-content\/uploads\/2022\/11\/IMG-20220220-WA0007-300x225.jpg\"\/><\/a><\/div><div class=\"sgb-item\"><a href=\"https:\/\/www.chateau-de-croute.fr\/?attachment_id=858\"><img decoding=\"async\" alt=\"\" width=\"225\" height=\"300\" loading=\"lazy\" src=\"https:\/\/www.chateau-de-croute.fr\/wp-content\/uploads\/2022\/11\/IMG-20220220-WA0012-225x300.jpg\"\/><\/a><\/div><div class=\"sgb-item\"><a href=\"https:\/\/www.chateau-de-croute.fr\/?attachment_id=861\"><img decoding=\"async\" alt=\"\" width=\"300\" height=\"225\" loading=\"lazy\" src=\"https:\/\/www.chateau-de-croute.fr\/wp-content\/uploads\/2022\/11\/IMG-20220220-WA0011-300x225.jpg\"\/><\/a><\/div><div class=\"sgb-item\"><a href=\"https:\/\/www.chateau-de-croute.fr\/?attachment_id=864\"><img decoding=\"async\" alt=\"\" width=\"300\" height=\"225\" loading=\"lazy\" src=\"https:\/\/www.chateau-de-croute.fr\/wp-content\/uploads\/2022\/11\/IMG-20220220-WA0022-300x225.jpg\"\/><\/a><\/div><div class=\"sgb-item\"><a href=\"https:\/\/www.chateau-de-croute.fr\/?attachment_id=867\"><img decoding=\"async\" alt=\"\" width=\"300\" height=\"225\" loading=\"lazy\" src=\"https:\/\/www.chateau-de-croute.fr\/wp-content\/uploads\/2022\/11\/IMG-20220220-WA0021-300x225.jpg\"\/><\/a><\/div><div class=\"sgb-item\"><a href=\"https:\/\/www.chateau-de-croute.fr\/?attachment_id=870\"><img decoding=\"async\" alt=\"\" width=\"225\" height=\"300\" loading=\"lazy\" src=\"https:\/\/www.chateau-de-croute.fr\/wp-content\/uploads\/2022\/11\/IMG-20220220-WA0019-225x300.jpg\"\/><\/a><\/div><div class=\"sgb-item\"><a href=\"https:\/\/www.chateau-de-croute.fr\/?attachment_id=873\"><img decoding=\"async\" alt=\"\" width=\"300\" height=\"225\" loading=\"lazy\" src=\"https:\/\/www.chateau-de-croute.fr\/wp-content\/uploads\/2022\/11\/IMG-20220220-WA0025-300x225.jpg\"\/><\/a><\/div><\/div><\/div><script type=\"application\/json\" class=\"sgb-data\">{\"galleryType\":\"pgc_sgb_masonry\",\"galleryId\":\"6f710380\",\"images\":[{\"id\":846,\"title\":\"IMG-20220220-WA0000\",\"url\":\"https:\/\/www.chateau-de-croute.fr\/wp-content\/uploads\/2022\/11\/IMG-20220220-WA0000.jpg\",\"link\":\"https:\/\/www.chateau-de-croute.fr\/?attachment_id=846\",\"alt\":\"\",\"description\":\"\",\"caption\":\"\",\"mime\":\"image\/jpeg\",\"type\":\"image\",\"width\":1488,\"height\":1984,\"sizes\":{\"thumbnail\":{\"height\":150,\"width\":150,\"url\":\"https:\/\/www.chateau-de-croute.fr\/wp-content\/uploads\/2022\/11\/IMG-20220220-WA0000-150x150.jpg\",\"orientation\":\"landscape\"},\"medium\":{\"height\":300,\"width\":225,\"url\":\"https:\/\/www.chateau-de-croute.fr\/wp-content\/uploads\/2022\/11\/IMG-20220220-WA0000-225x300.jpg\",\"orientation\":\"portrait\"},\"large\":{\"height\":1024,\"width\":768,\"url\":\"https:\/\/www.chateau-de-croute.fr\/wp-content\/uploads\/2022\/11\/IMG-20220220-WA0000-768x1024.jpg\",\"orientation\":\"portrait\"},\"full\":{\"url\":\"https:\/\/www.chateau-de-croute.fr\/wp-content\/uploads\/2022\/11\/IMG-20220220-WA0000.jpg\",\"height\":1984,\"width\":1488,\"orientation\":\"portrait\"}},\"meta\":false,\"postlink\":\"https:\/\/www.chateau-de-croute.fr\/?attachment_id=846\"},{\"id\":849,\"title\":\"IMG-20220220-WA0001\",\"url\":\"https:\/\/www.chateau-de-croute.fr\/wp-content\/uploads\/2022\/11\/IMG-20220220-WA0001.jpg\",\"link\":\"https:\/\/www.chateau-de-croute.fr\/?attachment_id=849\",\"alt\":\"\",\"description\":\"\",\"caption\":\"\",\"mime\":\"image\/jpeg\",\"type\":\"image\",\"width\":1488,\"height\":1984,\"sizes\":{\"thumbnail\":{\"height\":150,\"width\":150,\"url\":\"https:\/\/www.chateau-de-croute.fr\/wp-content\/uploads\/2022\/11\/IMG-20220220-WA0001-150x150.jpg\",\"orientation\":\"landscape\"},\"medium\":{\"height\":300,\"width\":225,\"url\":\"https:\/\/www.chateau-de-croute.fr\/wp-content\/uploads\/2022\/11\/IMG-20220220-WA0001-225x300.jpg\",\"orientation\":\"portrait\"},\"large\":{\"height\":1024,\"width\":768,\"url\":\"https:\/\/www.chateau-de-croute.fr\/wp-content\/uploads\/2022\/11\/IMG-20220220-WA0001-768x1024.jpg\",\"orientation\":\"portrait\"},\"full\":{\"url\":\"https:\/\/www.chateau-de-croute.fr\/wp-content\/uploads\/2022\/11\/IMG-20220220-WA0001.jpg\",\"height\":1984,\"width\":1488,\"orientation\":\"portrait\"}},\"meta\":false,\"postlink\":\"https:\/\/www.chateau-de-croute.fr\/?attachment_id=849\"},{\"id\":852,\"title\":\"IMG-20220220-WA0006\",\"url\":\"https:\/\/www.chateau-de-croute.fr\/wp-content\/uploads\/2022\/11\/IMG-20220220-WA0006.jpg\",\"link\":\"https:\/\/www.chateau-de-croute.fr\/?attachment_id=852\",\"alt\":\"\",\"description\":\"\",\"caption\":\"\",\"mime\":\"image\/jpeg\",\"type\":\"image\",\"width\":1984,\"height\":1488,\"sizes\":{\"thumbnail\":{\"height\":150,\"width\":150,\"url\":\"https:\/\/www.chateau-de-croute.fr\/wp-content\/uploads\/2022\/11\/IMG-20220220-WA0006-150x150.jpg\",\"orientation\":\"landscape\"},\"medium\":{\"height\":225,\"width\":300,\"url\":\"https:\/\/www.chateau-de-croute.fr\/wp-content\/uploads\/2022\/11\/IMG-20220220-WA0006-300x225.jpg\",\"orientation\":\"landscape\"},\"large\":{\"height\":768,\"width\":1024,\"url\":\"https:\/\/www.chateau-de-croute.fr\/wp-content\/uploads\/2022\/11\/IMG-20220220-WA0006-1024x768.jpg\",\"orientation\":\"landscape\"},\"full\":{\"url\":\"https:\/\/www.chateau-de-croute.fr\/wp-content\/uploads\/2022\/11\/IMG-20220220-WA0006.jpg\",\"height\":1488,\"width\":1984,\"orientation\":\"landscape\"}},\"meta\":false,\"postlink\":\"https:\/\/www.chateau-de-croute.fr\/?attachment_id=852\"},{\"id\":855,\"title\":\"IMG-20220220-WA0007\",\"url\":\"https:\/\/www.chateau-de-croute.fr\/wp-content\/uploads\/2022\/11\/IMG-20220220-WA0007.jpg\",\"link\":\"https:\/\/www.chateau-de-croute.fr\/?attachment_id=855\",\"alt\":\"\",\"description\":\"\",\"caption\":\"\",\"mime\":\"image\/jpeg\",\"type\":\"image\",\"width\":1984,\"height\":1488,\"sizes\":{\"thumbnail\":{\"height\":150,\"width\":150,\"url\":\"https:\/\/www.chateau-de-croute.fr\/wp-content\/uploads\/2022\/11\/IMG-20220220-WA0007-150x150.jpg\",\"orientation\":\"landscape\"},\"medium\":{\"height\":225,\"width\":300,\"url\":\"https:\/\/www.chateau-de-croute.fr\/wp-content\/uploads\/2022\/11\/IMG-20220220-WA0007-300x225.jpg\",\"orientation\":\"landscape\"},\"large\":{\"height\":768,\"width\":1024,\"url\":\"https:\/\/www.chateau-de-croute.fr\/wp-content\/uploads\/2022\/11\/IMG-20220220-WA0007-1024x768.jpg\",\"orientation\":\"landscape\"},\"full\":{\"url\":\"https:\/\/www.chateau-de-croute.fr\/wp-content\/uploads\/2022\/11\/IMG-20220220-WA0007.jpg\",\"height\":1488,\"width\":1984,\"orientation\":\"landscape\"}},\"meta\":false,\"postlink\":\"https:\/\/www.chateau-de-croute.fr\/?attachment_id=855\"},{\"id\":858,\"title\":\"IMG-20220220-WA0012\",\"url\":\"https:\/\/www.chateau-de-croute.fr\/wp-content\/uploads\/2022\/11\/IMG-20220220-WA0012.jpg\",\"link\":\"https:\/\/www.chateau-de-croute.fr\/?attachment_id=858\",\"alt\":\"\",\"description\":\"\",\"caption\":\"\",\"mime\":\"image\/jpeg\",\"type\":\"image\",\"width\":1488,\"height\":1984,\"sizes\":{\"thumbnail\":{\"height\":150,\"width\":150,\"url\":\"https:\/\/www.chateau-de-croute.fr\/wp-content\/uploads\/2022\/11\/IMG-20220220-WA0012-150x150.jpg\",\"orientation\":\"landscape\"},\"medium\":{\"height\":300,\"width\":225,\"url\":\"https:\/\/www.chateau-de-croute.fr\/wp-content\/uploads\/2022\/11\/IMG-20220220-WA0012-225x300.jpg\",\"orientation\":\"portrait\"},\"large\":{\"height\":1024,\"width\":768,\"url\":\"https:\/\/www.chateau-de-croute.fr\/wp-content\/uploads\/2022\/11\/IMG-20220220-WA0012-768x1024.jpg\",\"orientation\":\"portrait\"},\"full\":{\"url\":\"https:\/\/www.chateau-de-croute.fr\/wp-content\/uploads\/2022\/11\/IMG-20220220-WA0012.jpg\",\"height\":1984,\"width\":1488,\"orientation\":\"portrait\"}},\"meta\":false,\"postlink\":\"https:\/\/www.chateau-de-croute.fr\/?attachment_id=858\"},{\"id\":861,\"title\":\"IMG-20220220-WA0011\",\"url\":\"https:\/\/www.chateau-de-croute.fr\/wp-content\/uploads\/2022\/11\/IMG-20220220-WA0011.jpg\",\"link\":\"https:\/\/www.chateau-de-croute.fr\/?attachment_id=861\",\"alt\":\"\",\"description\":\"\",\"caption\":\"\",\"mime\":\"image\/jpeg\",\"type\":\"image\",\"width\":1984,\"height\":1488,\"sizes\":{\"thumbnail\":{\"height\":150,\"width\":150,\"url\":\"https:\/\/www.chateau-de-croute.fr\/wp-content\/uploads\/2022\/11\/IMG-20220220-WA0011-150x150.jpg\",\"orientation\":\"landscape\"},\"medium\":{\"height\":225,\"width\":300,\"url\":\"https:\/\/www.chateau-de-croute.fr\/wp-content\/uploads\/2022\/11\/IMG-20220220-WA0011-300x225.jpg\",\"orientation\":\"landscape\"},\"large\":{\"height\":768,\"width\":1024,\"url\":\"https:\/\/www.chateau-de-croute.fr\/wp-content\/uploads\/2022\/11\/IMG-20220220-WA0011-1024x768.jpg\",\"orientation\":\"landscape\"},\"full\":{\"url\":\"https:\/\/www.chateau-de-croute.fr\/wp-content\/uploads\/2022\/11\/IMG-20220220-WA0011.jpg\",\"height\":1488,\"width\":1984,\"orientation\":\"landscape\"}},\"meta\":false,\"postlink\":\"https:\/\/www.chateau-de-croute.fr\/?attachment_id=861\"},{\"id\":864,\"title\":\"IMG-20220220-WA0022\",\"url\":\"https:\/\/www.chateau-de-croute.fr\/wp-content\/uploads\/2022\/11\/IMG-20220220-WA0022.jpg\",\"link\":\"https:\/\/www.chateau-de-croute.fr\/?attachment_id=864\",\"alt\":\"\",\"description\":\"\",\"caption\":\"\",\"mime\":\"image\/jpeg\",\"type\":\"image\",\"width\":1984,\"height\":1488,\"sizes\":{\"thumbnail\":{\"height\":150,\"width\":150,\"url\":\"https:\/\/www.chateau-de-croute.fr\/wp-content\/uploads\/2022\/11\/IMG-20220220-WA0022-150x150.jpg\",\"orientation\":\"landscape\"},\"medium\":{\"height\":225,\"width\":300,\"url\":\"https:\/\/www.chateau-de-croute.fr\/wp-content\/uploads\/2022\/11\/IMG-20220220-WA0022-300x225.jpg\",\"orientation\":\"landscape\"},\"large\":{\"height\":768,\"width\":1024,\"url\":\"https:\/\/www.chateau-de-croute.fr\/wp-content\/uploads\/2022\/11\/IMG-20220220-WA0022-1024x768.jpg\",\"orientation\":\"landscape\"},\"full\":{\"url\":\"https:\/\/www.chateau-de-croute.fr\/wp-content\/uploads\/2022\/11\/IMG-20220220-WA0022.jpg\",\"height\":1488,\"width\":1984,\"orientation\":\"landscape\"}},\"meta\":false,\"postlink\":\"https:\/\/www.chateau-de-croute.fr\/?attachment_id=864\"},{\"id\":867,\"title\":\"IMG-20220220-WA0021\",\"url\":\"https:\/\/www.chateau-de-croute.fr\/wp-content\/uploads\/2022\/11\/IMG-20220220-WA0021.jpg\",\"link\":\"https:\/\/www.chateau-de-croute.fr\/?attachment_id=867\",\"alt\":\"\",\"description\":\"\",\"caption\":\"\",\"mime\":\"image\/jpeg\",\"type\":\"image\",\"width\":1984,\"height\":1488,\"sizes\":{\"thumbnail\":{\"height\":150,\"width\":150,\"url\":\"https:\/\/www.chateau-de-croute.fr\/wp-content\/uploads\/2022\/11\/IMG-20220220-WA0021-150x150.jpg\",\"orientation\":\"landscape\"},\"medium\":{\"height\":225,\"width\":300,\"url\":\"https:\/\/www.chateau-de-croute.fr\/wp-content\/uploads\/2022\/11\/IMG-20220220-WA0021-300x225.jpg\",\"orientation\":\"landscape\"},\"large\":{\"height\":768,\"width\":1024,\"url\":\"https:\/\/www.chateau-de-croute.fr\/wp-content\/uploads\/2022\/11\/IMG-20220220-WA0021-1024x768.jpg\",\"orientation\":\"landscape\"},\"full\":{\"url\":\"https:\/\/www.chateau-de-croute.fr\/wp-content\/uploads\/2022\/11\/IMG-20220220-WA0021.jpg\",\"height\":1488,\"width\":1984,\"orientation\":\"landscape\"}},\"meta\":false,\"postlink\":\"https:\/\/www.chateau-de-croute.fr\/?attachment_id=867\"},{\"id\":870,\"title\":\"IMG-20220220-WA0019\",\"url\":\"https:\/\/www.chateau-de-croute.fr\/wp-content\/uploads\/2022\/11\/IMG-20220220-WA0019.jpg\",\"link\":\"https:\/\/www.chateau-de-croute.fr\/?attachment_id=870\",\"alt\":\"\",\"description\":\"\",\"caption\":\"\",\"mime\":\"image\/jpeg\",\"type\":\"image\",\"width\":1488,\"height\":1984,\"sizes\":{\"thumbnail\":{\"height\":150,\"width\":150,\"url\":\"https:\/\/www.chateau-de-croute.fr\/wp-content\/uploads\/2022\/11\/IMG-20220220-WA0019-150x150.jpg\",\"orientation\":\"landscape\"},\"medium\":{\"height\":300,\"width\":225,\"url\":\"https:\/\/www.chateau-de-croute.fr\/wp-content\/uploads\/2022\/11\/IMG-20220220-WA0019-225x300.jpg\",\"orientation\":\"portrait\"},\"large\":{\"height\":1024,\"width\":768,\"url\":\"https:\/\/www.chateau-de-croute.fr\/wp-content\/uploads\/2022\/11\/IMG-20220220-WA0019-768x1024.jpg\",\"orientation\":\"portrait\"},\"full\":{\"url\":\"https:\/\/www.chateau-de-croute.fr\/wp-content\/uploads\/2022\/11\/IMG-20220220-WA0019.jpg\",\"height\":1984,\"width\":1488,\"orientation\":\"portrait\"}},\"meta\":false,\"postlink\":\"https:\/\/www.chateau-de-croute.fr\/?attachment_id=870\"},{\"id\":873,\"title\":\"IMG-20220220-WA0025\",\"url\":\"https:\/\/www.chateau-de-croute.fr\/wp-content\/uploads\/2022\/11\/IMG-20220220-WA0025.jpg\",\"link\":\"https:\/\/www.chateau-de-croute.fr\/?attachment_id=873\",\"alt\":\"\",\"description\":\"\",\"caption\":\"\",\"mime\":\"image\/jpeg\",\"type\":\"image\",\"width\":1984,\"height\":1488,\"sizes\":{\"thumbnail\":{\"height\":150,\"width\":150,\"url\":\"https:\/\/www.chateau-de-croute.fr\/wp-content\/uploads\/2022\/11\/IMG-20220220-WA0025-150x150.jpg\",\"orientation\":\"landscape\"},\"medium\":{\"height\":225,\"width\":300,\"url\":\"https:\/\/www.chateau-de-croute.fr\/wp-content\/uploads\/2022\/11\/IMG-20220220-WA0025-300x225.jpg\",\"orientation\":\"landscape\"},\"large\":{\"height\":768,\"width\":1024,\"url\":\"https:\/\/www.chateau-de-croute.fr\/wp-content\/uploads\/2022\/11\/IMG-20220220-WA0025-1024x768.jpg\",\"orientation\":\"landscape\"},\"full\":{\"url\":\"https:\/\/www.chateau-de-croute.fr\/wp-content\/uploads\/2022\/11\/IMG-20220220-WA0025.jpg\",\"height\":1488,\"width\":1984,\"orientation\":\"landscape\"}},\"meta\":false,\"postlink\":\"https:\/\/www.chateau-de-croute.fr\/?attachment_id=873\"}],\"itemsMetaDataCollection\":[]}<\/script><script>(function(){if(window.PGC_SGB && window.PGC_SGB.searcher){window.PGC_SGB.searcher.initBlocks()}})()<\/script><\/div>[\/vc_column_text][\/vc_column][\/vc_row][vc_row][vc_column][vc_empty_space height=&#8221;50&#8243;][\/vc_column][\/vc_row]\n","protected":false},"excerpt":{"rendered":"<p>[vc_row thb_full_width=&#8221;true&#8221; thb_row_padding=&#8221;true&#8221; content_placement=&#8221;top&#8221; css=&#8221;.vc_custom_1636795303822{padding-top: 10vh !important;padding-bottom: 10vh !important;background-image: url(https:\/\/www.chateau-de-croute.fr\/wp-content\/uploads\/2021\/11\/IMG_3795-scaled.jpg?id=414) !important;background-position: center !important;background-repeat: no-repeat !important;background-size: cover !important;}&#8221;][vc_column][vc_row_inner thb_max_width=&#8221;max_width&#8221;][vc_column_inner thb_color=&#8221;thb-light-column&#8221; el_class=&#8221;text-center&#8221; offset=&#8221;vc_col-lg-12 vc_col-md-4&#8243;][vc_column_text animation=&#8221;animation fade-in&#8221;] THE&hellip;<\/p>\n","protected":false},"author":1,"featured_media":0,"parent":0,"menu_order":0,"comment_status":"closed","ping_status":"closed","template":"","meta":{"pgc_sgb_lightbox_settings":"","footnotes":""},"class_list":["post-471","page","type-page","status-publish","hentry"],"_links":{"self":[{"href":"https:\/\/www.chateau-de-croute.fr\/en\/wp-json\/wp\/v2\/pages\/471","targetHints":{"allow":["GET"]}}],"collection":[{"href":"https:\/\/www.chateau-de-croute.fr\/en\/wp-json\/wp\/v2\/pages"}],"about":[{"href":"https:\/\/www.chateau-de-croute.fr\/en\/wp-json\/wp\/v2\/types\/page"}],"author":[{"embeddable":true,"href":"https:\/\/www.chateau-de-croute.fr\/en\/wp-json\/wp\/v2\/users\/1"}],"replies":[{"embeddable":true,"href":"https:\/\/www.chateau-de-croute.fr\/en\/wp-json\/wp\/v2\/comments?post=471"}],"version-history":[{"count":14,"href":"https:\/\/www.chateau-de-croute.fr\/en\/wp-json\/wp\/v2\/pages\/471\/revisions"}],"predecessor-version":[{"id":883,"href":"https:\/\/www.chateau-de-croute.fr\/en\/wp-json\/wp\/v2\/pages\/471\/revisions\/883"}],"wp:attachment":[{"href":"https:\/\/www.chateau-de-croute.fr\/en\/wp-json\/wp\/v2\/media?parent=471"}],"curies":[{"name":"wp","href":"https:\/\/api.w.org\/{rel}","templated":true}]}}