{"id":916,"date":"2023-04-11T17:48:57","date_gmt":"2023-04-11T15:48:57","guid":{"rendered":"https:\/\/www.chateau-de-croute.fr\/nase-vina\/"},"modified":"2023-04-11T18:13:20","modified_gmt":"2023-04-11T16:13:20","slug":"nase-vina","status":"publish","type":"page","link":"https:\/\/www.chateau-de-croute.fr\/cs\/nase-vina\/","title":{"rendered":"Na\u0161e v\u00edna"},"content":{"rendered":"[vc_row thb_full_width=&#8221;true&#8221; thb_row_padding=&#8221;true&#8221; content_placement=&#8221;top&#8221; css=&#8221;.vc_custom_1681227449190{padding-top: 10vh !important;padding-bottom: 10vh !important;background-image: url(https:\/\/www.chateau-de-croute.fr\/wp-content\/uploads\/2021\/11\/IMG_4305-scaled.jpg?id=370) !important;background-position: center !important;background-repeat: no-repeat !important;background-size: cover !important;}&#8221;][vc_column][vc_row_inner thb_max_width=&#8221;max_width&#8221;][vc_column_inner thb_color=&#8221;thb-light-column&#8221; el_class=&#8221;text-center&#8221; offset=&#8221;vc_col-lg-12 vc_col-md-4&#8243;][vc_column_text animation=&#8221;animation fade-in&#8221;]\n<h1><strong>NA\u0160E V\u00cdNA<br \/>\n<\/strong><\/h1>\n[\/vc_column_text][\/vc_column_inner][\/vc_row_inner][\/vc_column][\/vc_row][vc_row el_class=&#8221;align-center&#8221; css=&#8221;.vc_custom_1681225116296{padding-top: 3vh !important;padding-bottom: 10vh !important;}&#8221;][vc_column offset=&#8221;vc_col-lg-5 vc_col-md-7&#8243; el_class=&#8221;text-center&#8221;][\/vc_column][\/vc_row][vc_row][vc_column width=&#8221;1\/2&#8243;]<div class=\"caption-style2  aligncenter  thb_image_link wp-caption\"><a  rel=\"magnific\" href=\"https:\/\/www.chateau-de-croute.fr\/wp-content\/uploads\/2021\/11\/IMG_4149-scaled.jpg\" target=\"\" title=\"IMG_4149\"><img loading=\"lazy\" decoding=\"async\" width=\"1707\" height=\"2560\" src=\"https:\/\/www.chateau-de-croute.fr\/wp-content\/uploads\/2021\/11\/IMG_4149-scaled.jpg\" class=\"thb_image  attachment-full\" alt=\"\" srcset=\"https:\/\/www.chateau-de-croute.fr\/wp-content\/uploads\/2021\/11\/IMG_4149-scaled.jpg 1707w, https:\/\/www.chateau-de-croute.fr\/wp-content\/uploads\/2021\/11\/IMG_4149-200x300.jpg 200w, https:\/\/www.chateau-de-croute.fr\/wp-content\/uploads\/2021\/11\/IMG_4149-683x1024.jpg 683w, https:\/\/www.chateau-de-croute.fr\/wp-content\/uploads\/2021\/11\/IMG_4149-768x1152.jpg 768w, https:\/\/www.chateau-de-croute.fr\/wp-content\/uploads\/2021\/11\/IMG_4149-1024x1536.jpg 1024w, https:\/\/www.chateau-de-croute.fr\/wp-content\/uploads\/2021\/11\/IMG_4149-1365x2048.jpg 1365w, https:\/\/www.chateau-de-croute.fr\/wp-content\/uploads\/2021\/11\/IMG_4149-430x645.jpg 430w, https:\/\/www.chateau-de-croute.fr\/wp-content\/uploads\/2021\/11\/IMG_4149-860x1290.jpg 860w, https:\/\/www.chateau-de-croute.fr\/wp-content\/uploads\/2021\/11\/IMG_4149-600x900.jpg 600w\" sizes=\"auto, (max-width: 1707px) 100vw, 1707px\" \/><\/a><div class=\"thb-image-content\">\n<p style=\"text-align: center;\"><strong>COLOMBELLES DE COURPON <\/strong><\/p>\n<p>N\u00e1\u0161 posledn\u00ed v\u00fdtvor je origin\u00e1ln\u00ed kombinac\u00ed odr\u016fd Colombard a \u0160ed\u00e9ho Sauvignonu, such\u00e9 b\u00edl\u00e9 v\u00edno, \u017eiv\u00e9 a elegantn\u00ed s p\u0159\u00edchut\u00ed citrus\u016f, kter\u00e9 nech\u00e1v\u00e1me \u0161est m\u011bs\u00edc\u016f vyzr\u00e1t na sedlin\u011b, d\u00edky \u010demu\u017e je jeho chu\u0165 p\u0159\u00edjemn\u011b kulat\u00e1 s miner\u00e1ln\u00edm zakon\u010den\u00edm. Jeho elegantn\u00ed a praktick\u00e1 sklen\u011bn\u00e1 z\u00e1tka, V\u00e1m umo\u017en\u00ed l\u00e1hev opakovan\u011b uzav\u0159\u00edt. K dispozici tak\u00e9 v 5ti a 10ti litrov\u00e9m balen\u00ed.<\/div><\/div>[\/vc_column][vc_column width=&#8221;1\/2&#8243;]<div class=\"caption-style2  aligncenter  thb_image_link wp-caption\"><a  rel=\"magnific\" href=\"https:\/\/www.chateau-de-croute.fr\/wp-content\/uploads\/2021\/11\/IMG_4140-scaled.jpg\" target=\"\" title=\"IMG_4140\"><img loading=\"lazy\" decoding=\"async\" width=\"1707\" height=\"2560\" src=\"https:\/\/www.chateau-de-croute.fr\/wp-content\/uploads\/2021\/11\/IMG_4140-scaled.jpg\" class=\"thb_image  attachment-full\" alt=\"\" srcset=\"https:\/\/www.chateau-de-croute.fr\/wp-content\/uploads\/2021\/11\/IMG_4140-scaled.jpg 1707w, https:\/\/www.chateau-de-croute.fr\/wp-content\/uploads\/2021\/11\/IMG_4140-200x300.jpg 200w, https:\/\/www.chateau-de-croute.fr\/wp-content\/uploads\/2021\/11\/IMG_4140-683x1024.jpg 683w, https:\/\/www.chateau-de-croute.fr\/wp-content\/uploads\/2021\/11\/IMG_4140-768x1152.jpg 768w, https:\/\/www.chateau-de-croute.fr\/wp-content\/uploads\/2021\/11\/IMG_4140-1024x1536.jpg 1024w, https:\/\/www.chateau-de-croute.fr\/wp-content\/uploads\/2021\/11\/IMG_4140-1365x2048.jpg 1365w, https:\/\/www.chateau-de-croute.fr\/wp-content\/uploads\/2021\/11\/IMG_4140-430x645.jpg 430w, https:\/\/www.chateau-de-croute.fr\/wp-content\/uploads\/2021\/11\/IMG_4140-860x1290.jpg 860w, https:\/\/www.chateau-de-croute.fr\/wp-content\/uploads\/2021\/11\/IMG_4140-600x900.jpg 600w\" sizes=\"auto, (max-width: 1707px) 100vw, 1707px\" \/><\/a><div class=\"thb-image-content\">\n<p style=\"text-align: center;\"><strong>ROSE DE BARBANSON<\/strong><\/p>\n<p>R\u016f\u017eov\u00e9 v\u00edno z odr\u016fdy Cabernet Sauvignon s ovocn\u00fdm aroma a barvou t\u0159e\u0161n\u00ed, je chu\u0165ov\u011b v\u00fdrazn\u00e9, p\u0159\u00edjemn\u011b kulat\u00e9 s p\u0159ekvapiv\u011b bohat\u00fdm buketem. Stejn\u011b jako na\u0161e b\u00edl\u00e9 v\u00edno vyzr\u00e1v\u00e1 \u0161est m\u011bs\u00edc\u016f na sedlin\u011b a je vybaveno sklen\u011bnou z\u00e1tkou, kter\u00e1 V\u00e1m umo\u017en\u00ed v\u00edno vychutn\u00e1vat v \u010dase.<\/p>\n<p>Tak\u00e9 je k dispozici v balen\u00ed po 5ti \u010di 10 litrech.<\/div><\/div>[\/vc_column][\/vc_row][vc_row][vc_column width=&#8221;1\/2&#8243;]<div class=\"caption-style2  aligncenter  thb_image_link wp-caption\"><a  rel=\"magnific\" href=\"https:\/\/www.chateau-de-croute.fr\/wp-content\/uploads\/2021\/11\/IMG_4165-scaled.jpg\" target=\"\" title=\"IMG_4165\"><img loading=\"lazy\" decoding=\"async\" width=\"1707\" height=\"2560\" src=\"https:\/\/www.chateau-de-croute.fr\/wp-content\/uploads\/2021\/11\/IMG_4165-scaled.jpg\" class=\"thb_image  attachment-full\" alt=\"\" srcset=\"https:\/\/www.chateau-de-croute.fr\/wp-content\/uploads\/2021\/11\/IMG_4165-scaled.jpg 1707w, https:\/\/www.chateau-de-croute.fr\/wp-content\/uploads\/2021\/11\/IMG_4165-200x300.jpg 200w, https:\/\/www.chateau-de-croute.fr\/wp-content\/uploads\/2021\/11\/IMG_4165-683x1024.jpg 683w, https:\/\/www.chateau-de-croute.fr\/wp-content\/uploads\/2021\/11\/IMG_4165-768x1152.jpg 768w, https:\/\/www.chateau-de-croute.fr\/wp-content\/uploads\/2021\/11\/IMG_4165-1024x1536.jpg 1024w, https:\/\/www.chateau-de-croute.fr\/wp-content\/uploads\/2021\/11\/IMG_4165-1365x2048.jpg 1365w, https:\/\/www.chateau-de-croute.fr\/wp-content\/uploads\/2021\/11\/IMG_4165-430x645.jpg 430w, https:\/\/www.chateau-de-croute.fr\/wp-content\/uploads\/2021\/11\/IMG_4165-860x1290.jpg 860w, https:\/\/www.chateau-de-croute.fr\/wp-content\/uploads\/2021\/11\/IMG_4165-600x900.jpg 600w\" sizes=\"auto, (max-width: 1707px) 100vw, 1707px\" \/><\/a><div class=\"thb-image-content\">\n<p style=\"text-align: center;\"><strong>COTES DE BOURG, Ch\u00e2teau Croute CRU COURPON 2018 <\/strong><\/p>\n<p>Toto v\u00edno z vinic o pr\u016fm\u011brn\u00e9m st\u00e1\u0159\u00ed 70ti let je origin\u00e1ln\u00ed sm\u011bs\u00ed odr\u016fd Merlot50% a Malbec50%.Po ro\u010dn\u00edm vyzr\u00e1n\u00ed v dubov\u00fdch sudech V\u00e1s svede sv\u00fdm rud\u011b fialov\u00fdm n\u00e1dechem, ko\u0159en\u011bnou chut\u00ed \u010dern\u00fdch plod\u016f a hedv\u00e1bn\u011b t\u0159\u00edslovitou chut\u00ed. I zde, \u010dty\u0159let\u00e9 a\u017e p\u011btilet\u00e9 vyzr\u00e1n\u00ed v lahvi umo\u017en\u00ed v\u00ednu projevit v\u0161echny sv\u00e9 kvality.<\/p>\n<p>Je k dispozici tak\u00e9 ve verzi Magnum (1,5l) \u010di v\u011bt\u0161\u00edm balen\u00ed na objedn\u00e1vku.<\/div><\/div>[\/vc_column][vc_column width=&#8221;1\/2&#8243;]<div class=\"caption-style2  aligncenter  thb_image_link wp-caption\"><a  rel=\"magnific\" href=\"https:\/\/www.chateau-de-croute.fr\/wp-content\/uploads\/2021\/11\/IMG_4171-scaled.jpg\" target=\"\" title=\"IMG_4171\"><img loading=\"lazy\" decoding=\"async\" width=\"1707\" height=\"2560\" src=\"https:\/\/www.chateau-de-croute.fr\/wp-content\/uploads\/2021\/11\/IMG_4171-scaled.jpg\" class=\"thb_image  attachment-full\" alt=\"\" srcset=\"https:\/\/www.chateau-de-croute.fr\/wp-content\/uploads\/2021\/11\/IMG_4171-scaled.jpg 1707w, https:\/\/www.chateau-de-croute.fr\/wp-content\/uploads\/2021\/11\/IMG_4171-200x300.jpg 200w, https:\/\/www.chateau-de-croute.fr\/wp-content\/uploads\/2021\/11\/IMG_4171-683x1024.jpg 683w, https:\/\/www.chateau-de-croute.fr\/wp-content\/uploads\/2021\/11\/IMG_4171-768x1152.jpg 768w, https:\/\/www.chateau-de-croute.fr\/wp-content\/uploads\/2021\/11\/IMG_4171-1024x1536.jpg 1024w, https:\/\/www.chateau-de-croute.fr\/wp-content\/uploads\/2021\/11\/IMG_4171-1365x2048.jpg 1365w, https:\/\/www.chateau-de-croute.fr\/wp-content\/uploads\/2021\/11\/IMG_4171-430x645.jpg 430w, https:\/\/www.chateau-de-croute.fr\/wp-content\/uploads\/2021\/11\/IMG_4171-860x1290.jpg 860w, https:\/\/www.chateau-de-croute.fr\/wp-content\/uploads\/2021\/11\/IMG_4171-600x900.jpg 600w\" sizes=\"auto, (max-width: 1707px) 100vw, 1707px\" \/><\/a><div class=\"thb-image-content\">\n<p style=\"text-align: center;\"><strong>COTES DE BOURG, CHATEAU DE CROUTE 2016<\/strong><\/p>\n<p>Toto cuv\u00e9 slo\u017een\u00e9 z odr\u016fd Melot 60%, Cabernet Sauvignon a Malbec 10% poch\u00e1z\u00ed z vinic s pr\u016fm\u011brn\u00fdm st\u00e1\u0159\u00edm 50 let, co\u017e v\u00fdrazn\u011b podtrhuje jeho bohatost. D\u00edky sv\u00e9 rub\u00ednov\u00e9 barv\u011b, aroma kompotovan\u00fdch \u010derven\u00fdch plod\u016f a dlouhotrvaj\u00edc\u00ed pln\u00e9 chuti se \u0159ad\u00ed mezi uzn\u00e1van\u00e1 v\u00edna oblasti Cotes de Bourg. Pro ty, kte\u0159\u00ed budou schopni odolat, bude toto cuv\u00e9 na vrcholu sv\u00fdch kvalit po \u010dtyr a\u017e p\u011btilet\u00e9m vyzr\u00e1n\u00ed v lahvi.<\/p>\n<p>Je k dispozici tak\u00e9 ve verzi Magnum (1,5l) \u010di v\u011bt\u0161\u00edm balen\u00ed na objedn\u00e1vku.<\/div><\/div>[\/vc_column][\/vc_row]\n","protected":false},"excerpt":{"rendered":"<p>[vc_row thb_full_width=&#8221;true&#8221; thb_row_padding=&#8221;true&#8221; content_placement=&#8221;top&#8221; css=&#8221;.vc_custom_1681227449190{padding-top: 10vh !important;padding-bottom: 10vh !important;background-image: url(https:\/\/www.chateau-de-croute.fr\/wp-content\/uploads\/2021\/11\/IMG_4305-scaled.jpg?id=370) !important;background-position: center !important;background-repeat: no-repeat !important;background-size: cover !important;}&#8221;][vc_column][vc_row_inner thb_max_width=&#8221;max_width&#8221;][vc_column_inner thb_color=&#8221;thb-light-column&#8221; el_class=&#8221;text-center&#8221; offset=&#8221;vc_col-lg-12 vc_col-md-4&#8243;][vc_column_text animation=&#8221;animation fade-in&#8221;] NA\u0160E&hellip;<\/p>\n","protected":false},"author":1,"featured_media":0,"parent":0,"menu_order":0,"comment_status":"closed","ping_status":"closed","template":"","meta":{"pgc_sgb_lightbox_settings":"","footnotes":""},"class_list":["post-916","page","type-page","status-publish","hentry"],"_links":{"self":[{"href":"https:\/\/www.chateau-de-croute.fr\/cs\/wp-json\/wp\/v2\/pages\/916","targetHints":{"allow":["GET"]}}],"collection":[{"href":"https:\/\/www.chateau-de-croute.fr\/cs\/wp-json\/wp\/v2\/pages"}],"about":[{"href":"https:\/\/www.chateau-de-croute.fr\/cs\/wp-json\/wp\/v2\/types\/page"}],"author":[{"embeddable":true,"href":"https:\/\/www.chateau-de-croute.fr\/cs\/wp-json\/wp\/v2\/users\/1"}],"replies":[{"embeddable":true,"href":"https:\/\/www.chateau-de-croute.fr\/cs\/wp-json\/wp\/v2\/comments?post=916"}],"version-history":[{"count":5,"href":"https:\/\/www.chateau-de-croute.fr\/cs\/wp-json\/wp\/v2\/pages\/916\/revisions"}],"predecessor-version":[{"id":930,"href":"https:\/\/www.chateau-de-croute.fr\/cs\/wp-json\/wp\/v2\/pages\/916\/revisions\/930"}],"wp:attachment":[{"href":"https:\/\/www.chateau-de-croute.fr\/cs\/wp-json\/wp\/v2\/media?parent=916"}],"curies":[{"name":"wp","href":"https:\/\/api.w.org\/{rel}","templated":true}]}}