{"id":624,"date":"2021-11-20T12:04:50","date_gmt":"2021-11-20T11:04:50","guid":{"rendered":"https:\/\/www.chateau-de-croute.fr\/ubytovani\/"},"modified":"2022-11-12T13:13:25","modified_gmt":"2022-11-12T12:13:25","slug":"ubytovani","status":"publish","type":"page","link":"https:\/\/www.chateau-de-croute.fr\/cs\/ubytovani\/","title":{"rendered":"Ubytov\u00e1n\u00ed"},"content":{"rendered":"[vc_row thb_full_width=&#8221;true&#8221; thb_row_padding=&#8221;true&#8221; content_placement=&#8221;top&#8221; css=&#8221;.vc_custom_1636795303822{padding-top: 10vh !important;padding-bottom: 10vh !important;background-image: url(https:\/\/www.chateau-de-croute.fr\/wp-content\/uploads\/2021\/11\/IMG_3795-scaled.jpg?id=414) !important;background-position: center !important;background-repeat: no-repeat !important;background-size: cover !important;}&#8221;][vc_column][vc_row_inner thb_max_width=&#8221;max_width&#8221;][vc_column_inner thb_color=&#8221;thb-light-column&#8221; el_class=&#8221;text-center&#8221; offset=&#8221;vc_col-lg-12 vc_col-md-4&#8243;][vc_column_text animation=&#8221;animation fade-in&#8221;]\n<h1><strong>UBYTOV\u00c1N\u00cd<br \/>\n<\/strong><\/h1>\n[\/vc_column_text][\/vc_column_inner][\/vc_row_inner][\/vc_column][\/vc_row][vc_row el_class=&#8221;align-center&#8221; css=&#8221;.vc_custom_1627140113805{padding-top: 3vh !important;}&#8221;][vc_column offset=&#8221;vc_col-lg-7 vc_col-md-10&#8243;][vc_column_text]\n<h1 style=\"text-align: center;\"><span style=\"color: #fc7f6a;\">V\u00cdTEJTE !<br \/>\n<\/span><\/h1>\n<p>Se stejnou p\u00e9\u010d\u00ed jakou v\u011bnujeme na\u0161im vinic\u00edm a s v\u011bdom\u00edm jedine\u010dnosti vesni\u010dky Bourg a jej\u00edho okol\u00ed, jsme se rozhodli v roce 2007 otev\u0159\u00edt p\u0159\u00edmo na na\u0161em vina\u0159stv\u00ed pln\u011b vybaven\u00e9 ubytovan\u00ed o rozloze 165 sqm s kapacitou ubytov\u00e1n\u00ed a\u017e pro 8 osob.<\/p>\n<p>Je otev\u0159en\u00e9 po cel\u00fd rok s mo\u017enost\u00ed pron\u00e1jmu na v\u00edkend nebo cel\u00fd t\u00fdden.<\/p>\n<p><button><a href=\"https:\/\/www.airbnb.fr\/rooms\/17511929\" target=\"_blank\" rel=\"noopener\"><b>AIRBNB<\/b><\/a><\/button>[\/vc_column_text][vc_empty_space height=&#8221;20&#8243;][vc_tta_tabs][vc_tta_section title=&#8221;Popis ubytov\u00e1n\u00ed&#8221; tab_id=&#8221;1630762253409-eae35d3d-e40a&#8221;][vc_column_text]\n<ul>\n<li>Vlastn\u00ed bezpe\u010dn\u00e9 parkov\u00e1n\u00ed a\u017e pro 3 auta<\/li>\n<li>Vlastn\u00ed zast\u00edn\u011bn\u00e1 zahrada s grilem<\/li>\n<li>Kuchy\u0148 s j\u00eddelnou, 3 uzav\u0159en\u00e9 pokoje, rozlehl\u00fd ob\u00fdvac\u00ed pokoj s billi\u00e1rem, dv\u011b koupelny, dv\u011b toalety<\/li>\n<li>Ubytov\u00e1n\u00ed pro 6 a\u017e osm osob<\/li>\n<\/ul>\n[\/vc_column_text][\/vc_tta_section][vc_tta_section title=&#8221;P\u0159\u00edzem\u00ed&#8221; tab_id=&#8221;1630762253419-02aa4767-6d07&#8243;][vc_column_text]\n<ul class=\"mybullet\">\n<li>Prostorn\u00fd prosklen\u00fd vstup<\/li>\n<li>Pln\u011b vybaven\u00e1 otev\u0159en\u00e1 kuchy\u0148 s plynov\u00fdm va\u0159i\u010dem, elektrickou troubou, mikrovlnou troubou, my\u010dkou na n\u00e1dob\u00ed, toustova\u010dem, p\u0159ekap\u00e1va\u010dem na k\u00e1vu, rychlovarnou konvic\u00ed, lednic\u00ed s mra\u017e\u00e1kem a \u017eehli\u010dkou<\/li>\n<li>Velk\u00e1 otev\u0159en\u00e1 j\u00eddelna s tradi\u010dn\u00edm funk\u010dn\u00edm krbem<\/li>\n<li>Dom\u00e1c\u00ed mazl\u00ed\u010dci jsou po domluv\u011b povolen\u00ed<\/li>\n<\/ul>\n[\/vc_column_text][\/vc_tta_section][vc_tta_section title=&#8221;Patro&#8221; tab_id=&#8221;1630762417856-a748248d-299e&#8221;][vc_column_text]\n<ul class=\"mybullet\">\n<li>Velk\u00fd ob\u00fdvac\u00ed pokoj s televiz\u00ed, p\u0159ehr\u00e1va\u010dem dvd a bili\u00e1rem<\/li>\n<li>Dv\u011b koupelny<\/li>\n<li>Dv\u011b toalety<\/li>\n<li>T\u0159i uzav\u0159en\u00e9 pokoje 12 a\u017e 17 sqm s man\u017eelskou postel\u00ed ( jeden z pokoj\u016f vybaven dal\u0161\u00edm rozkl\u00e1dac\u00edm dvoul\u016f\u017ekem)<\/li>\n<li>k dispozici p\u0159ebalovac\u00ed pult, d\u011btsk\u00e1 postel, d\u011btsk\u00e1 \u017eidli\u010dka, no\u010dn\u00edk atd<\/li>\n<\/ul>\n[\/vc_column_text][\/vc_tta_section][\/vc_tta_tabs][vc_empty_space height=&#8221;50&#8243;][vc_column_text]<div class=\"pgc-sgb-cb wp-block-pgcsimplygalleryblock-masonry \" data-gallery-id=\"6f710380\"><div class=\"sgb-preloader\" id=\"pr_6f710380\">\n\t<div class=\"sgb-square\" style=\"background:#d4d4d4\"><\/div>\n\t<div class=\"sgb-square\" style=\"background:#d4d4d4\"><\/div>\n\t<div class=\"sgb-square\" style=\"background:#d4d4d4\"><\/div>\n\t<div class=\"sgb-square\" style=\"background:#d4d4d4\"><\/div><\/div><div class=\"simply-gallery-amp pgc_sgb_slider \" style=\"display: none;\"><div class=\"sgb-gallery\"><div class=\"sgb-item\"><a href=\"https:\/\/www.chateau-de-croute.fr\/?attachment_id=846\"><img decoding=\"async\" alt=\"\" width=\"225\" height=\"300\" loading=\"lazy\" src=\"https:\/\/www.chateau-de-croute.fr\/wp-content\/uploads\/2022\/11\/IMG-20220220-WA0000-225x300.jpg\"\/><\/a><\/div><div class=\"sgb-item\"><a href=\"https:\/\/www.chateau-de-croute.fr\/?attachment_id=849\"><img decoding=\"async\" alt=\"\" width=\"225\" height=\"300\" loading=\"lazy\" src=\"https:\/\/www.chateau-de-croute.fr\/wp-content\/uploads\/2022\/11\/IMG-20220220-WA0001-225x300.jpg\"\/><\/a><\/div><div class=\"sgb-item\"><a href=\"https:\/\/www.chateau-de-croute.fr\/?attachment_id=852\"><img decoding=\"async\" alt=\"\" width=\"300\" height=\"225\" loading=\"lazy\" src=\"https:\/\/www.chateau-de-croute.fr\/wp-content\/uploads\/2022\/11\/IMG-20220220-WA0006-300x225.jpg\"\/><\/a><\/div><div class=\"sgb-item\"><a href=\"https:\/\/www.chateau-de-croute.fr\/?attachment_id=855\"><img decoding=\"async\" alt=\"\" width=\"300\" height=\"225\" loading=\"lazy\" src=\"https:\/\/www.chateau-de-croute.fr\/wp-content\/uploads\/2022\/11\/IMG-20220220-WA0007-300x225.jpg\"\/><\/a><\/div><div class=\"sgb-item\"><a href=\"https:\/\/www.chateau-de-croute.fr\/?attachment_id=858\"><img decoding=\"async\" alt=\"\" width=\"225\" height=\"300\" loading=\"lazy\" src=\"https:\/\/www.chateau-de-croute.fr\/wp-content\/uploads\/2022\/11\/IMG-20220220-WA0012-225x300.jpg\"\/><\/a><\/div><div class=\"sgb-item\"><a href=\"https:\/\/www.chateau-de-croute.fr\/?attachment_id=861\"><img decoding=\"async\" alt=\"\" width=\"300\" height=\"225\" loading=\"lazy\" src=\"https:\/\/www.chateau-de-croute.fr\/wp-content\/uploads\/2022\/11\/IMG-20220220-WA0011-300x225.jpg\"\/><\/a><\/div><div class=\"sgb-item\"><a href=\"https:\/\/www.chateau-de-croute.fr\/?attachment_id=864\"><img decoding=\"async\" alt=\"\" width=\"300\" height=\"225\" loading=\"lazy\" src=\"https:\/\/www.chateau-de-croute.fr\/wp-content\/uploads\/2022\/11\/IMG-20220220-WA0022-300x225.jpg\"\/><\/a><\/div><div class=\"sgb-item\"><a href=\"https:\/\/www.chateau-de-croute.fr\/?attachment_id=867\"><img decoding=\"async\" alt=\"\" width=\"300\" height=\"225\" loading=\"lazy\" src=\"https:\/\/www.chateau-de-croute.fr\/wp-content\/uploads\/2022\/11\/IMG-20220220-WA0021-300x225.jpg\"\/><\/a><\/div><div class=\"sgb-item\"><a href=\"https:\/\/www.chateau-de-croute.fr\/?attachment_id=870\"><img decoding=\"async\" alt=\"\" width=\"225\" height=\"300\" loading=\"lazy\" src=\"https:\/\/www.chateau-de-croute.fr\/wp-content\/uploads\/2022\/11\/IMG-20220220-WA0019-225x300.jpg\"\/><\/a><\/div><div class=\"sgb-item\"><a href=\"https:\/\/www.chateau-de-croute.fr\/?attachment_id=873\"><img decoding=\"async\" alt=\"\" width=\"300\" height=\"225\" loading=\"lazy\" src=\"https:\/\/www.chateau-de-croute.fr\/wp-content\/uploads\/2022\/11\/IMG-20220220-WA0025-300x225.jpg\"\/><\/a><\/div><\/div><\/div><script type=\"application\/json\" class=\"sgb-data\">{\"galleryType\":\"pgc_sgb_masonry\",\"galleryId\":\"6f710380\",\"images\":[{\"id\":846,\"title\":\"IMG-20220220-WA0000\",\"url\":\"https:\/\/www.chateau-de-croute.fr\/wp-content\/uploads\/2022\/11\/IMG-20220220-WA0000.jpg\",\"link\":\"https:\/\/www.chateau-de-croute.fr\/?attachment_id=846\",\"alt\":\"\",\"description\":\"\",\"caption\":\"\",\"mime\":\"image\/jpeg\",\"type\":\"image\",\"width\":1488,\"height\":1984,\"sizes\":{\"thumbnail\":{\"height\":150,\"width\":150,\"url\":\"https:\/\/www.chateau-de-croute.fr\/wp-content\/uploads\/2022\/11\/IMG-20220220-WA0000-150x150.jpg\",\"orientation\":\"landscape\"},\"medium\":{\"height\":300,\"width\":225,\"url\":\"https:\/\/www.chateau-de-croute.fr\/wp-content\/uploads\/2022\/11\/IMG-20220220-WA0000-225x300.jpg\",\"orientation\":\"portrait\"},\"large\":{\"height\":1024,\"width\":768,\"url\":\"https:\/\/www.chateau-de-croute.fr\/wp-content\/uploads\/2022\/11\/IMG-20220220-WA0000-768x1024.jpg\",\"orientation\":\"portrait\"},\"full\":{\"url\":\"https:\/\/www.chateau-de-croute.fr\/wp-content\/uploads\/2022\/11\/IMG-20220220-WA0000.jpg\",\"height\":1984,\"width\":1488,\"orientation\":\"portrait\"}},\"meta\":false,\"postlink\":\"https:\/\/www.chateau-de-croute.fr\/?attachment_id=846\"},{\"id\":849,\"title\":\"IMG-20220220-WA0001\",\"url\":\"https:\/\/www.chateau-de-croute.fr\/wp-content\/uploads\/2022\/11\/IMG-20220220-WA0001.jpg\",\"link\":\"https:\/\/www.chateau-de-croute.fr\/?attachment_id=849\",\"alt\":\"\",\"description\":\"\",\"caption\":\"\",\"mime\":\"image\/jpeg\",\"type\":\"image\",\"width\":1488,\"height\":1984,\"sizes\":{\"thumbnail\":{\"height\":150,\"width\":150,\"url\":\"https:\/\/www.chateau-de-croute.fr\/wp-content\/uploads\/2022\/11\/IMG-20220220-WA0001-150x150.jpg\",\"orientation\":\"landscape\"},\"medium\":{\"height\":300,\"width\":225,\"url\":\"https:\/\/www.chateau-de-croute.fr\/wp-content\/uploads\/2022\/11\/IMG-20220220-WA0001-225x300.jpg\",\"orientation\":\"portrait\"},\"large\":{\"height\":1024,\"width\":768,\"url\":\"https:\/\/www.chateau-de-croute.fr\/wp-content\/uploads\/2022\/11\/IMG-20220220-WA0001-768x1024.jpg\",\"orientation\":\"portrait\"},\"full\":{\"url\":\"https:\/\/www.chateau-de-croute.fr\/wp-content\/uploads\/2022\/11\/IMG-20220220-WA0001.jpg\",\"height\":1984,\"width\":1488,\"orientation\":\"portrait\"}},\"meta\":false,\"postlink\":\"https:\/\/www.chateau-de-croute.fr\/?attachment_id=849\"},{\"id\":852,\"title\":\"IMG-20220220-WA0006\",\"url\":\"https:\/\/www.chateau-de-croute.fr\/wp-content\/uploads\/2022\/11\/IMG-20220220-WA0006.jpg\",\"link\":\"https:\/\/www.chateau-de-croute.fr\/?attachment_id=852\",\"alt\":\"\",\"description\":\"\",\"caption\":\"\",\"mime\":\"image\/jpeg\",\"type\":\"image\",\"width\":1984,\"height\":1488,\"sizes\":{\"thumbnail\":{\"height\":150,\"width\":150,\"url\":\"https:\/\/www.chateau-de-croute.fr\/wp-content\/uploads\/2022\/11\/IMG-20220220-WA0006-150x150.jpg\",\"orientation\":\"landscape\"},\"medium\":{\"height\":225,\"width\":300,\"url\":\"https:\/\/www.chateau-de-croute.fr\/wp-content\/uploads\/2022\/11\/IMG-20220220-WA0006-300x225.jpg\",\"orientation\":\"landscape\"},\"large\":{\"height\":768,\"width\":1024,\"url\":\"https:\/\/www.chateau-de-croute.fr\/wp-content\/uploads\/2022\/11\/IMG-20220220-WA0006-1024x768.jpg\",\"orientation\":\"landscape\"},\"full\":{\"url\":\"https:\/\/www.chateau-de-croute.fr\/wp-content\/uploads\/2022\/11\/IMG-20220220-WA0006.jpg\",\"height\":1488,\"width\":1984,\"orientation\":\"landscape\"}},\"meta\":false,\"postlink\":\"https:\/\/www.chateau-de-croute.fr\/?attachment_id=852\"},{\"id\":855,\"title\":\"IMG-20220220-WA0007\",\"url\":\"https:\/\/www.chateau-de-croute.fr\/wp-content\/uploads\/2022\/11\/IMG-20220220-WA0007.jpg\",\"link\":\"https:\/\/www.chateau-de-croute.fr\/?attachment_id=855\",\"alt\":\"\",\"description\":\"\",\"caption\":\"\",\"mime\":\"image\/jpeg\",\"type\":\"image\",\"width\":1984,\"height\":1488,\"sizes\":{\"thumbnail\":{\"height\":150,\"width\":150,\"url\":\"https:\/\/www.chateau-de-croute.fr\/wp-content\/uploads\/2022\/11\/IMG-20220220-WA0007-150x150.jpg\",\"orientation\":\"landscape\"},\"medium\":{\"height\":225,\"width\":300,\"url\":\"https:\/\/www.chateau-de-croute.fr\/wp-content\/uploads\/2022\/11\/IMG-20220220-WA0007-300x225.jpg\",\"orientation\":\"landscape\"},\"large\":{\"height\":768,\"width\":1024,\"url\":\"https:\/\/www.chateau-de-croute.fr\/wp-content\/uploads\/2022\/11\/IMG-20220220-WA0007-1024x768.jpg\",\"orientation\":\"landscape\"},\"full\":{\"url\":\"https:\/\/www.chateau-de-croute.fr\/wp-content\/uploads\/2022\/11\/IMG-20220220-WA0007.jpg\",\"height\":1488,\"width\":1984,\"orientation\":\"landscape\"}},\"meta\":false,\"postlink\":\"https:\/\/www.chateau-de-croute.fr\/?attachment_id=855\"},{\"id\":858,\"title\":\"IMG-20220220-WA0012\",\"url\":\"https:\/\/www.chateau-de-croute.fr\/wp-content\/uploads\/2022\/11\/IMG-20220220-WA0012.jpg\",\"link\":\"https:\/\/www.chateau-de-croute.fr\/?attachment_id=858\",\"alt\":\"\",\"description\":\"\",\"caption\":\"\",\"mime\":\"image\/jpeg\",\"type\":\"image\",\"width\":1488,\"height\":1984,\"sizes\":{\"thumbnail\":{\"height\":150,\"width\":150,\"url\":\"https:\/\/www.chateau-de-croute.fr\/wp-content\/uploads\/2022\/11\/IMG-20220220-WA0012-150x150.jpg\",\"orientation\":\"landscape\"},\"medium\":{\"height\":300,\"width\":225,\"url\":\"https:\/\/www.chateau-de-croute.fr\/wp-content\/uploads\/2022\/11\/IMG-20220220-WA0012-225x300.jpg\",\"orientation\":\"portrait\"},\"large\":{\"height\":1024,\"width\":768,\"url\":\"https:\/\/www.chateau-de-croute.fr\/wp-content\/uploads\/2022\/11\/IMG-20220220-WA0012-768x1024.jpg\",\"orientation\":\"portrait\"},\"full\":{\"url\":\"https:\/\/www.chateau-de-croute.fr\/wp-content\/uploads\/2022\/11\/IMG-20220220-WA0012.jpg\",\"height\":1984,\"width\":1488,\"orientation\":\"portrait\"}},\"meta\":false,\"postlink\":\"https:\/\/www.chateau-de-croute.fr\/?attachment_id=858\"},{\"id\":861,\"title\":\"IMG-20220220-WA0011\",\"url\":\"https:\/\/www.chateau-de-croute.fr\/wp-content\/uploads\/2022\/11\/IMG-20220220-WA0011.jpg\",\"link\":\"https:\/\/www.chateau-de-croute.fr\/?attachment_id=861\",\"alt\":\"\",\"description\":\"\",\"caption\":\"\",\"mime\":\"image\/jpeg\",\"type\":\"image\",\"width\":1984,\"height\":1488,\"sizes\":{\"thumbnail\":{\"height\":150,\"width\":150,\"url\":\"https:\/\/www.chateau-de-croute.fr\/wp-content\/uploads\/2022\/11\/IMG-20220220-WA0011-150x150.jpg\",\"orientation\":\"landscape\"},\"medium\":{\"height\":225,\"width\":300,\"url\":\"https:\/\/www.chateau-de-croute.fr\/wp-content\/uploads\/2022\/11\/IMG-20220220-WA0011-300x225.jpg\",\"orientation\":\"landscape\"},\"large\":{\"height\":768,\"width\":1024,\"url\":\"https:\/\/www.chateau-de-croute.fr\/wp-content\/uploads\/2022\/11\/IMG-20220220-WA0011-1024x768.jpg\",\"orientation\":\"landscape\"},\"full\":{\"url\":\"https:\/\/www.chateau-de-croute.fr\/wp-content\/uploads\/2022\/11\/IMG-20220220-WA0011.jpg\",\"height\":1488,\"width\":1984,\"orientation\":\"landscape\"}},\"meta\":false,\"postlink\":\"https:\/\/www.chateau-de-croute.fr\/?attachment_id=861\"},{\"id\":864,\"title\":\"IMG-20220220-WA0022\",\"url\":\"https:\/\/www.chateau-de-croute.fr\/wp-content\/uploads\/2022\/11\/IMG-20220220-WA0022.jpg\",\"link\":\"https:\/\/www.chateau-de-croute.fr\/?attachment_id=864\",\"alt\":\"\",\"description\":\"\",\"caption\":\"\",\"mime\":\"image\/jpeg\",\"type\":\"image\",\"width\":1984,\"height\":1488,\"sizes\":{\"thumbnail\":{\"height\":150,\"width\":150,\"url\":\"https:\/\/www.chateau-de-croute.fr\/wp-content\/uploads\/2022\/11\/IMG-20220220-WA0022-150x150.jpg\",\"orientation\":\"landscape\"},\"medium\":{\"height\":225,\"width\":300,\"url\":\"https:\/\/www.chateau-de-croute.fr\/wp-content\/uploads\/2022\/11\/IMG-20220220-WA0022-300x225.jpg\",\"orientation\":\"landscape\"},\"large\":{\"height\":768,\"width\":1024,\"url\":\"https:\/\/www.chateau-de-croute.fr\/wp-content\/uploads\/2022\/11\/IMG-20220220-WA0022-1024x768.jpg\",\"orientation\":\"landscape\"},\"full\":{\"url\":\"https:\/\/www.chateau-de-croute.fr\/wp-content\/uploads\/2022\/11\/IMG-20220220-WA0022.jpg\",\"height\":1488,\"width\":1984,\"orientation\":\"landscape\"}},\"meta\":false,\"postlink\":\"https:\/\/www.chateau-de-croute.fr\/?attachment_id=864\"},{\"id\":867,\"title\":\"IMG-20220220-WA0021\",\"url\":\"https:\/\/www.chateau-de-croute.fr\/wp-content\/uploads\/2022\/11\/IMG-20220220-WA0021.jpg\",\"link\":\"https:\/\/www.chateau-de-croute.fr\/?attachment_id=867\",\"alt\":\"\",\"description\":\"\",\"caption\":\"\",\"mime\":\"image\/jpeg\",\"type\":\"image\",\"width\":1984,\"height\":1488,\"sizes\":{\"thumbnail\":{\"height\":150,\"width\":150,\"url\":\"https:\/\/www.chateau-de-croute.fr\/wp-content\/uploads\/2022\/11\/IMG-20220220-WA0021-150x150.jpg\",\"orientation\":\"landscape\"},\"medium\":{\"height\":225,\"width\":300,\"url\":\"https:\/\/www.chateau-de-croute.fr\/wp-content\/uploads\/2022\/11\/IMG-20220220-WA0021-300x225.jpg\",\"orientation\":\"landscape\"},\"large\":{\"height\":768,\"width\":1024,\"url\":\"https:\/\/www.chateau-de-croute.fr\/wp-content\/uploads\/2022\/11\/IMG-20220220-WA0021-1024x768.jpg\",\"orientation\":\"landscape\"},\"full\":{\"url\":\"https:\/\/www.chateau-de-croute.fr\/wp-content\/uploads\/2022\/11\/IMG-20220220-WA0021.jpg\",\"height\":1488,\"width\":1984,\"orientation\":\"landscape\"}},\"meta\":false,\"postlink\":\"https:\/\/www.chateau-de-croute.fr\/?attachment_id=867\"},{\"id\":870,\"title\":\"IMG-20220220-WA0019\",\"url\":\"https:\/\/www.chateau-de-croute.fr\/wp-content\/uploads\/2022\/11\/IMG-20220220-WA0019.jpg\",\"link\":\"https:\/\/www.chateau-de-croute.fr\/?attachment_id=870\",\"alt\":\"\",\"description\":\"\",\"caption\":\"\",\"mime\":\"image\/jpeg\",\"type\":\"image\",\"width\":1488,\"height\":1984,\"sizes\":{\"thumbnail\":{\"height\":150,\"width\":150,\"url\":\"https:\/\/www.chateau-de-croute.fr\/wp-content\/uploads\/2022\/11\/IMG-20220220-WA0019-150x150.jpg\",\"orientation\":\"landscape\"},\"medium\":{\"height\":300,\"width\":225,\"url\":\"https:\/\/www.chateau-de-croute.fr\/wp-content\/uploads\/2022\/11\/IMG-20220220-WA0019-225x300.jpg\",\"orientation\":\"portrait\"},\"large\":{\"height\":1024,\"width\":768,\"url\":\"https:\/\/www.chateau-de-croute.fr\/wp-content\/uploads\/2022\/11\/IMG-20220220-WA0019-768x1024.jpg\",\"orientation\":\"portrait\"},\"full\":{\"url\":\"https:\/\/www.chateau-de-croute.fr\/wp-content\/uploads\/2022\/11\/IMG-20220220-WA0019.jpg\",\"height\":1984,\"width\":1488,\"orientation\":\"portrait\"}},\"meta\":false,\"postlink\":\"https:\/\/www.chateau-de-croute.fr\/?attachment_id=870\"},{\"id\":873,\"title\":\"IMG-20220220-WA0025\",\"url\":\"https:\/\/www.chateau-de-croute.fr\/wp-content\/uploads\/2022\/11\/IMG-20220220-WA0025.jpg\",\"link\":\"https:\/\/www.chateau-de-croute.fr\/?attachment_id=873\",\"alt\":\"\",\"description\":\"\",\"caption\":\"\",\"mime\":\"image\/jpeg\",\"type\":\"image\",\"width\":1984,\"height\":1488,\"sizes\":{\"thumbnail\":{\"height\":150,\"width\":150,\"url\":\"https:\/\/www.chateau-de-croute.fr\/wp-content\/uploads\/2022\/11\/IMG-20220220-WA0025-150x150.jpg\",\"orientation\":\"landscape\"},\"medium\":{\"height\":225,\"width\":300,\"url\":\"https:\/\/www.chateau-de-croute.fr\/wp-content\/uploads\/2022\/11\/IMG-20220220-WA0025-300x225.jpg\",\"orientation\":\"landscape\"},\"large\":{\"height\":768,\"width\":1024,\"url\":\"https:\/\/www.chateau-de-croute.fr\/wp-content\/uploads\/2022\/11\/IMG-20220220-WA0025-1024x768.jpg\",\"orientation\":\"landscape\"},\"full\":{\"url\":\"https:\/\/www.chateau-de-croute.fr\/wp-content\/uploads\/2022\/11\/IMG-20220220-WA0025.jpg\",\"height\":1488,\"width\":1984,\"orientation\":\"landscape\"}},\"meta\":false,\"postlink\":\"https:\/\/www.chateau-de-croute.fr\/?attachment_id=873\"}],\"itemsMetaDataCollection\":[]}<\/script><script>(function(){if(window.PGC_SGB && window.PGC_SGB.searcher){window.PGC_SGB.searcher.initBlocks()}})()<\/script><\/div>[\/vc_column_text][\/vc_column][\/vc_row][vc_row][vc_column][vc_empty_space height=&#8221;50&#8243;][\/vc_column][\/vc_row]\n","protected":false},"excerpt":{"rendered":"<p>[vc_row thb_full_width=&#8221;true&#8221; thb_row_padding=&#8221;true&#8221; content_placement=&#8221;top&#8221; css=&#8221;.vc_custom_1636795303822{padding-top: 10vh !important;padding-bottom: 10vh !important;background-image: url(https:\/\/www.chateau-de-croute.fr\/wp-content\/uploads\/2021\/11\/IMG_3795-scaled.jpg?id=414) !important;background-position: center !important;background-repeat: no-repeat !important;background-size: cover !important;}&#8221;][vc_column][vc_row_inner thb_max_width=&#8221;max_width&#8221;][vc_column_inner thb_color=&#8221;thb-light-column&#8221; el_class=&#8221;text-center&#8221; offset=&#8221;vc_col-lg-12 vc_col-md-4&#8243;][vc_column_text animation=&#8221;animation fade-in&#8221;] UBYTOV\u00c1N\u00cd&hellip;<\/p>\n","protected":false},"author":1,"featured_media":0,"parent":0,"menu_order":0,"comment_status":"closed","ping_status":"closed","template":"","meta":{"pgc_sgb_lightbox_settings":"","footnotes":""},"class_list":["post-624","page","type-page","status-publish","hentry"],"_links":{"self":[{"href":"https:\/\/www.chateau-de-croute.fr\/cs\/wp-json\/wp\/v2\/pages\/624","targetHints":{"allow":["GET"]}}],"collection":[{"href":"https:\/\/www.chateau-de-croute.fr\/cs\/wp-json\/wp\/v2\/pages"}],"about":[{"href":"https:\/\/www.chateau-de-croute.fr\/cs\/wp-json\/wp\/v2\/types\/page"}],"author":[{"embeddable":true,"href":"https:\/\/www.chateau-de-croute.fr\/cs\/wp-json\/wp\/v2\/users\/1"}],"replies":[{"embeddable":true,"href":"https:\/\/www.chateau-de-croute.fr\/cs\/wp-json\/wp\/v2\/comments?post=624"}],"version-history":[{"count":17,"href":"https:\/\/www.chateau-de-croute.fr\/cs\/wp-json\/wp\/v2\/pages\/624\/revisions"}],"predecessor-version":[{"id":878,"href":"https:\/\/www.chateau-de-croute.fr\/cs\/wp-json\/wp\/v2\/pages\/624\/revisions\/878"}],"wp:attachment":[{"href":"https:\/\/www.chateau-de-croute.fr\/cs\/wp-json\/wp\/v2\/media?parent=624"}],"curies":[{"name":"wp","href":"https:\/\/api.w.org\/{rel}","templated":true}]}}