{"id":611,"date":"2021-11-20T11:59:04","date_gmt":"2021-11-20T10:59:04","guid":{"rendered":"https:\/\/www.chateau-de-croute.fr\/vinarstvi-2\/"},"modified":"2021-11-20T17:12:31","modified_gmt":"2021-11-20T16:12:31","slug":"vinarstvi-2","status":"publish","type":"page","link":"https:\/\/www.chateau-de-croute.fr\/cs\/vinarstvi-2\/","title":{"rendered":"Vina\u0159stv\u00ed"},"content":{"rendered":"[vc_row thb_full_width=&#8221;true&#8221; thb_row_padding=&#8221;true&#8221; content_placement=&#8221;top&#8221; css=&#8221;.vc_custom_1637424672066{padding-top: 10vh !important;padding-bottom: 10vh !important;background-image: url(https:\/\/www.chateau-de-croute.fr\/wp-content\/uploads\/2021\/11\/IMG_4258.jpg?id=734) !important;background-position: center !important;background-repeat: no-repeat !important;background-size: cover !important;}&#8221;][vc_column][vc_row_inner thb_max_width=&#8221;max_width&#8221;][vc_column_inner thb_color=&#8221;thb-light-column&#8221; el_class=&#8221;text-center&#8221; offset=&#8221;vc_col-lg-12 vc_col-md-4&#8243;][vc_column_text animation=&#8221;animation fade-in&#8221;]\n<h1><strong>VINA\u0158STV\u00cd<br \/>\n<\/strong><\/h1>\n[\/vc_column_text][\/vc_column_inner][\/vc_row_inner][\/vc_column][\/vc_row][vc_row el_class=&#8221;align-center&#8221;][vc_column width=&#8221;1\/2&#8243; css=&#8221;.vc_custom_1636280970259{padding-top: 10% !important;}&#8221;][vc_column_text css=&#8221;.vc_custom_1636281038767{padding-right: 10% !important;padding-left: 10% !important;}&#8221;]\n<h2>L\u00e1ska k v\u00ednu<\/h2>\n[\/vc_column_text][vc_empty_space height=&#8221;35px&#8221;][vc_column_text animation=&#8221;animation fade-in&#8221; css=&#8221;.vc_custom_1636281028549{padding-right: 10% !important;padding-left: 10% !important;}&#8221;]Zakladatel\u00e9 vinohradu Gilbert et Raymonde Godineau kultivovali vinnou r\u00e9vu s l\u00e1skou a zan\u00edcen\u00edm od roku 1950 a tuto jejich v\u00e1\u0161e\u0148 p\u0159irozen\u011b zd\u011bdily i dcery Colette a Nicole a pozd\u011bji i Nicolin syn Laurent, kter\u00fd spr\u00e1vu vinohradu p\u0159evzal.<\/p>\n<p>Na\u0161\u00edm nejv\u011bt\u0161\u00edm ocen\u011bn\u00edm, odm\u011bnou i samoz\u0159ejm\u011b zadostiu\u010din\u011bn\u00edm jsou na\u0161i klienti, kte\u0159\u00ed n\u00e1m zachov\u00e1vaj\u00ed svoji v\u011brnost ji\u017e n\u011bkolik desetilet\u00ed. Znamen\u00e1 to v\u0161ak i nesm\u00edrnou zodpov\u011bdnost a zdrav\u00e9 pochybnosti o ka\u017ed\u00e9m kroku, kter\u00fd u\u010din\u00edme na vinic\u00edch \u010di p\u0159i zpracov\u00e1n\u00ed v\u00edna, tak abychom mohli v\u017edy nab\u00eddnout to nejlep\u0161\u00ed z ka\u017ed\u00e9ho ro\u010dn\u00edku.<\/p>\n<p>Na\u0161\u00edm nejv\u011bt\u0161\u00edm ocen\u011bn\u00edm, odm\u011bnou i samoz\u0159ejm\u011b zadostiu\u010din\u011bn\u00edm jsou na\u0161i klienti, kte\u0159\u00ed n\u00e1m zachov\u00e1vaj\u00ed svoji v\u011brnost ji\u017e n\u011bkolik desetilet\u00ed.<\/p>\n<p>Znamen\u00e1 to v\u0161ak i nesm\u00edrnou zodpov\u011bdnost a zdrav\u00e9 pochybnosti o tom, zda-li to, co d\u011bl\u00e1me a jak to d\u011bl\u00e1me ve vinohradu a ve sklep\u011b je spr\u00e1vn\u00e9, abychom v\u017edy byli schopni nab\u00eddnout to nejlep\u0161\u00ed v\u00edno z ka\u017ed\u00e9ho ro\u010dn\u00edku.[\/vc_column_text][vc_empty_space height=&#8221;35px&#8221;][vc_column_text animation=&#8221;animation fade-in&#8221; css=&#8221;.vc_custom_1637402198781{padding-right: 10% !important;padding-left: 10% !important;}&#8221;]<img loading=\"lazy\" decoding=\"async\" class=\"alignnone size-medium wp-image-340\" src=\"https:\/\/www.chateau-de-croute.fr\/wp-content\/uploads\/2021\/11\/1-227x300.jpg\" alt=\"\" width=\"227\" height=\"300\">[\/vc_column_text][\/vc_column][vc_column width=&#8221;5\/12&#8243; css=&#8221;.vc_custom_1636280976135{padding-top: 10% !important;padding-left: 10% !important;}&#8221;]<div class=\"caption-style1 animation fade-in alignleft  thb_image_link wp-caption\"><img loading=\"lazy\" decoding=\"async\" width=\"1200\" height=\"1600\" src=\"https:\/\/www.chateau-de-croute.fr\/wp-content\/uploads\/2021\/11\/IMG_89654.jpg\" class=\"thb_image retina_size attachment-full\" alt=\"\" srcset=\"https:\/\/www.chateau-de-croute.fr\/wp-content\/uploads\/2021\/11\/IMG_89654.jpg 1200w, https:\/\/www.chateau-de-croute.fr\/wp-content\/uploads\/2021\/11\/IMG_89654-225x300.jpg 225w, https:\/\/www.chateau-de-croute.fr\/wp-content\/uploads\/2021\/11\/IMG_89654-768x1024.jpg 768w, https:\/\/www.chateau-de-croute.fr\/wp-content\/uploads\/2021\/11\/IMG_89654-1152x1536.jpg 1152w, https:\/\/www.chateau-de-croute.fr\/wp-content\/uploads\/2021\/11\/IMG_89654-430x573.jpg 430w, https:\/\/www.chateau-de-croute.fr\/wp-content\/uploads\/2021\/11\/IMG_89654-860x1147.jpg 860w, https:\/\/www.chateau-de-croute.fr\/wp-content\/uploads\/2021\/11\/IMG_89654-600x800.jpg 600w\" sizes=\"auto, (max-width: 1200px) 100vw, 1200px\" \/><\/div>[vc_empty_space height=&#8221;90px&#8221;]<div class=\"caption-style1 animation fade-in alignleft  thb_image_link wp-caption\"><\/div>[\/vc_column][\/vc_row]\n","protected":false},"excerpt":{"rendered":"<p>[vc_row thb_full_width=&#8221;true&#8221; thb_row_padding=&#8221;true&#8221; content_placement=&#8221;top&#8221; css=&#8221;.vc_custom_1637424672066{padding-top: 10vh !important;padding-bottom: 10vh !important;background-image: url(https:\/\/www.chateau-de-croute.fr\/wp-content\/uploads\/2021\/11\/IMG_4258.jpg?id=734) !important;background-position: center !important;background-repeat: no-repeat !important;background-size: cover !important;}&#8221;][vc_column][vc_row_inner thb_max_width=&#8221;max_width&#8221;][vc_column_inner thb_color=&#8221;thb-light-column&#8221; el_class=&#8221;text-center&#8221; offset=&#8221;vc_col-lg-12 vc_col-md-4&#8243;][vc_column_text animation=&#8221;animation fade-in&#8221;] VINA\u0158STV\u00cd&hellip;<\/p>\n","protected":false},"author":1,"featured_media":0,"parent":0,"menu_order":0,"comment_status":"closed","ping_status":"closed","template":"","meta":{"pgc_sgb_lightbox_settings":"","footnotes":""},"class_list":["post-611","page","type-page","status-publish","hentry"],"_links":{"self":[{"href":"https:\/\/www.chateau-de-croute.fr\/cs\/wp-json\/wp\/v2\/pages\/611","targetHints":{"allow":["GET"]}}],"collection":[{"href":"https:\/\/www.chateau-de-croute.fr\/cs\/wp-json\/wp\/v2\/pages"}],"about":[{"href":"https:\/\/www.chateau-de-croute.fr\/cs\/wp-json\/wp\/v2\/types\/page"}],"author":[{"embeddable":true,"href":"https:\/\/www.chateau-de-croute.fr\/cs\/wp-json\/wp\/v2\/users\/1"}],"replies":[{"embeddable":true,"href":"https:\/\/www.chateau-de-croute.fr\/cs\/wp-json\/wp\/v2\/comments?post=611"}],"version-history":[{"count":14,"href":"https:\/\/www.chateau-de-croute.fr\/cs\/wp-json\/wp\/v2\/pages\/611\/revisions"}],"predecessor-version":[{"id":747,"href":"https:\/\/www.chateau-de-croute.fr\/cs\/wp-json\/wp\/v2\/pages\/611\/revisions\/747"}],"wp:attachment":[{"href":"https:\/\/www.chateau-de-croute.fr\/cs\/wp-json\/wp\/v2\/media?parent=611"}],"curies":[{"name":"wp","href":"https:\/\/api.w.org\/{rel}","templated":true}]}}