{"id":603,"date":"2021-11-20T11:53:46","date_gmt":"2021-11-20T10:53:46","guid":{"rendered":"https:\/\/www.chateau-de-croute.fr\/domov\/"},"modified":"2021-11-20T11:53:56","modified_gmt":"2021-11-20T10:53:56","slug":"domov","status":"publish","type":"page","link":"https:\/\/www.chateau-de-croute.fr\/cs\/","title":{"rendered":"Domov"},"content":{"rendered":"[vc_row thb_full_width=&#8221;true&#8221; thb_row_padding=&#8221;true&#8221; full_height=&#8221;true&#8221; content_placement=&#8221;middle&#8221; css=&#8221;.vc_custom_1637401798747{background-position: center !important;background-repeat: no-repeat !important;background-size: cover !important;}&#8221; thb_video_bg=&#8221;https:\/\/www.chateau-de-croute.fr\/wp-content\/uploads\/2021\/11\/Drink-Wine.mp4&#8243;][vc_column thb_color=&#8221;thb-light-column&#8221; el_class=&#8221;text-center&#8221;][vc_row_inner thb_max_width=&#8221;max_width&#8221; thb_row_padding=&#8221;true&#8221; content_placement=&#8221;top&#8221; el_class=&#8221;align-center&#8221; css=&#8221;.vc_custom_1627119788250{padding-right: 10% !important;padding-left: 10% !important;}&#8221;][vc_column_inner offset=&#8221;vc_col-lg-7 vc_col-md-8&#8243;][vc_column_text animation=&#8221;animation bottom-to-top&#8221; el_class=&#8221;text-center&#8221; css=&#8221;.vc_custom_1627119565016{background-image: url(https:\/\/www.chateau-de-croute.fr\/wp-content\/uploads\/2021\/07\/head-logo.png?id=410) !important;background-position: center !important;background-repeat: no-repeat !important;background-size: cover !important;}&#8221;][\/vc_column_text][vc_single_image image=&#8221;569&#8243; img_size=&#8221;full&#8221; alignment=&#8221;center&#8221;][vc_empty_space height=&#8221;20px&#8221;][vc_column_text animation=&#8221;animation bottom-to-top&#8221; el_class=&#8221;text-center&#8221;]Ji\u017e po t\u0159i generace V\u00e1s r\u00e1di p\u0159iv\u00edt\u00e1me b\u011bhem cel\u00e9ho roku, jak v na\u0161em vina\u0159stv\u00ed, tak i na na\u0161em ubytov\u00e1n\u00ed, abychom se s V\u00e1mi pod\u011blili o na\u0161i l\u00e1sku k v\u00ednu uprost\u0159ed vina\u0159sk\u00e9ho kraje Bordeaux.[\/vc_column_text][vc_empty_space height=&#8221;35px&#8221;]\t<a class=\"btn pill alt  white animation bottom-to-top large \" href=\"https:\/\/www.chateau-de-croute.fr\/la-propriete\/\" target=\"_self\" role=\"button\" title=\"HISTOIRE\"><span>HISTOIRE<\/span><\/a>\n\n\t\t<a class=\"btn pill alt  white animation bottom-to-top large \" href=\"https:\/\/www.chateau-de-croute.fr\/nos-vins\/\" target=\"_self\" role=\"button\" title=\"BOUTIQUE\"><span>BOUTIQUE<\/span><\/a>\n\n\t[\/vc_column_inner][\/vc_row_inner][\/vc_column][\/vc_row]\n","protected":false},"excerpt":{"rendered":"<p>[vc_row thb_full_width=&#8221;true&#8221; thb_row_padding=&#8221;true&#8221; full_height=&#8221;true&#8221; content_placement=&#8221;middle&#8221; css=&#8221;.vc_custom_1637401798747{background-position: center !important;background-repeat: no-repeat !important;background-size: cover !important;}&#8221; thb_video_bg=&#8221;https:\/\/www.chateau-de-croute.fr\/wp-content\/uploads\/2021\/11\/Drink-Wine.mp4&#8243;][vc_column thb_color=&#8221;thb-light-column&#8221; el_class=&#8221;text-center&#8221;][vc_row_inner thb_max_width=&#8221;max_width&#8221; thb_row_padding=&#8221;true&#8221; content_placement=&#8221;top&#8221; el_class=&#8221;align-center&#8221; css=&#8221;.vc_custom_1627119788250{padding-right: 10% !important;padding-left: 10% !important;}&#8221;][vc_column_inner offset=&#8221;vc_col-lg-7&hellip;<\/p>\n","protected":false},"author":1,"featured_media":0,"parent":0,"menu_order":0,"comment_status":"closed","ping_status":"closed","template":"","meta":{"pgc_sgb_lightbox_settings":"","footnotes":""},"class_list":["post-603","page","type-page","status-publish","hentry"],"_links":{"self":[{"href":"https:\/\/www.chateau-de-croute.fr\/cs\/wp-json\/wp\/v2\/pages\/603","targetHints":{"allow":["GET"]}}],"collection":[{"href":"https:\/\/www.chateau-de-croute.fr\/cs\/wp-json\/wp\/v2\/pages"}],"about":[{"href":"https:\/\/www.chateau-de-croute.fr\/cs\/wp-json\/wp\/v2\/types\/page"}],"author":[{"embeddable":true,"href":"https:\/\/www.chateau-de-croute.fr\/cs\/wp-json\/wp\/v2\/users\/1"}],"replies":[{"embeddable":true,"href":"https:\/\/www.chateau-de-croute.fr\/cs\/wp-json\/wp\/v2\/comments?post=603"}],"version-history":[{"count":4,"href":"https:\/\/www.chateau-de-croute.fr\/cs\/wp-json\/wp\/v2\/pages\/603\/revisions"}],"predecessor-version":[{"id":608,"href":"https:\/\/www.chateau-de-croute.fr\/cs\/wp-json\/wp\/v2\/pages\/603\/revisions\/608"}],"wp:attachment":[{"href":"https:\/\/www.chateau-de-croute.fr\/cs\/wp-json\/wp\/v2\/media?parent=603"}],"curies":[{"name":"wp","href":"https:\/\/api.w.org\/{rel}","templated":true}]}}